{"id":6,"date":"2018-11-06T18:14:12","date_gmt":"2018-11-06T18:14:12","guid":{"rendered":"https:\/\/fb-klub.cz\/billiard\/?page_id=6"},"modified":"2018-11-14T20:48:32","modified_gmt":"2018-11-14T20:48:32","slug":"homepage","status":"publish","type":"page","link":"https:\/\/fb-klub.cz\/billiard\/","title":{"rendered":"V\u00edtejte na str\u00e1nk\u00e1ch Farn\u00edho billiardov\u00e9ho klubu"},"content":{"rendered":"<p>Jsme parta chlap\u016f, kte\u0159\u00ed maj\u00ed z\u00e1jem se pravideln\u011b potk\u00e1vat a s t\u00e1gem v ruce sd\u00edlet sv\u00e9 radosti i starosti. Spojuje n\u00e1s l\u00e1ska k t\u00e9to gentlemansk\u00e9 h\u0159e i kamar\u00e1dstv\u00ed v b\u011b\u017en\u00e9m \u017eivot\u011b.<\/p>\n<p>Pokud m\u00e1te stejn\u00e9 hodnoty, nev\u00e1hejte n\u00e1s kontaktovat a p\u0159idejte se k n\u00e1m.<\/p>\n<p><img decoding=\"async\" class=\"wp-image-11 aligncenter\" src=\"https:\/\/mlj1plju6qdv.i.optimole.com\/w:auto\/h:auto\/q:mauto\/f:avif\/https:\/\/i0.wp.com\/fb-klub.cz\/billiard\/wp-content\/uploads\/2018\/11\/logo.jpg?resize=244%2C172&#038;ssl=1\" alt=\"\" width=\"244\" height=\"172\" data-recalc-dims=\"1\" \/><\/p>\n","protected":false},"excerpt":{"rendered":"<p>Jsme parta chlap\u016f, kte\u0159\u00ed maj\u00ed z\u00e1jem se pravideln\u011b potk\u00e1vat a s t\u00e1gem v ruce sd\u00edlet sv\u00e9 radosti i starosti. Spojuje n\u00e1s l\u00e1ska k t\u00e9to gentlemansk\u00e9 h\u0159e i kamar\u00e1dstv\u00ed v b\u011b\u017en\u00e9m \u017eivot\u011b. Pokud m\u00e1te stejn\u00e9 hodnoty, nev\u00e1hejte n\u00e1s kontaktovat a p\u0159idejte se k n\u00e1m.<\/p>\n","protected":false},"author":2,"featured_media":0,"parent":0,"menu_order":0,"comment_status":"closed","ping_status":"closed","template":"","meta":{"spay_email":""},"jetpack_sharing_enabled":true,"jetpack_shortlink":"https:\/\/wp.me\/PawfXv-6","_links":{"self":[{"href":"https:\/\/fb-klub.cz\/billiard\/wp-json\/wp\/v2\/pages\/6"}],"collection":[{"href":"https:\/\/fb-klub.cz\/billiard\/wp-json\/wp\/v2\/pages"}],"about":[{"href":"https:\/\/fb-klub.cz\/billiard\/wp-json\/wp\/v2\/types\/page"}],"author":[{"embeddable":true,"href":"https:\/\/fb-klub.cz\/billiard\/wp-json\/wp\/v2\/users\/2"}],"replies":[{"embeddable":true,"href":"https:\/\/fb-klub.cz\/billiard\/wp-json\/wp\/v2\/comments?post=6"}],"version-history":[{"count":5,"href":"https:\/\/fb-klub.cz\/billiard\/wp-json\/wp\/v2\/pages\/6\/revisions"}],"predecessor-version":[{"id":285,"href":"https:\/\/fb-klub.cz\/billiard\/wp-json\/wp\/v2\/pages\/6\/revisions\/285"}],"wp:attachment":[{"href":"https:\/\/fb-klub.cz\/billiard\/wp-json\/wp\/v2\/media?parent=6"}],"curies":[{"name":"wp","href":"https:\/\/api.w.org\/{rel}","templated":true}]}}