{"id":58,"date":"2018-11-06T19:23:04","date_gmt":"2018-11-06T19:23:04","guid":{"rendered":"https:\/\/fb-klub.cz\/billiard\/?page_id=58"},"modified":"2018-11-09T15:22:12","modified_gmt":"2018-11-09T15:22:12","slug":"kontakty","status":"publish","type":"page","link":"https:\/\/fb-klub.cz\/billiard\/kontakty\/","title":{"rendered":"Kontakt"},"content":{"rendered":"<h4><em>Farn\u00ed billiardov\u00fd klub<\/em><\/h4>\n<p>Ml\u010dochova 813\/7<br \/>\n779 00 Olomouc<br \/>\nE-mail: <a href=\"mailto:farnibilliardovyklub@gmail.com\">farnibilliardovyklub@gmail.com<\/a><br \/>\nwww.fb-klub.cz<\/p>\n<p><iframe style=\"border: 0;\" src=\"https:\/\/www.google.com\/maps\/embed?pb=!1m18!1m12!1m3!1d1087.2801675444412!2d17.260509827621274!3d49.597699993201935!2m3!1f0!2f0!3f0!3m2!1i1024!2i768!4f13.1!3m3!1m2!1s0x47124e8db005af8b%3A0xddde859d78b557b1!2sMl%C4%8Dochova+813%2F7%2C+779+00+Olomouc!5e0!3m2!1scs!2scz!4v1541776854789\" width=\"500\" height=\"350\" frameborder=\"0\" allowfullscreen=\"allowfullscreen\"><\/iframe><\/p>\n<h4><em>V\u00fdkonn\u00fd t\u00fdm<\/em><\/h4>\n<p style=\"text-align: left;\"><strong> Michal Pol\u00e1\u010dek<\/strong>,\u00a0Tel.: 605 036 609, E-mail: <a href=\"mailto:polacek.misa@gmail.com\">polacek.misa@gmail.com<\/a><br \/>\n<strong>Ladislav Stejskal<\/strong>,\u00a0 Tel.: 775 905 715, E-mail:<a href=\"mailto:stejskal@exaprint.cz\"> stejskal@exaprint.cz<\/a><br \/>\n<strong>Pater Ladislav \u0160vir\u00e1k<\/strong>,\u00a0Tel.: 604 130 052, E-mail: <a href=\"mailto:faolomouc-sva@ado.cz\">faolomouc-sva@ado.cz<\/a><\/p>\n","protected":false},"excerpt":{"rendered":"<p>Farn\u00ed billiardov\u00fd klub Ml\u010dochova 813\/7 779 00 Olomouc E-mail: farnibilliardovyklub@gmail.com www.fb-klub.cz V\u00fdkonn\u00fd t\u00fdm Michal Pol\u00e1\u010dek,\u00a0Tel.: 605 036 609, E-mail: polacek.misa@gmail.com Ladislav Stejskal,\u00a0 Tel.: 775 905 715, E-mail: stejskal@exaprint.cz Pater Ladislav \u0160vir\u00e1k,\u00a0Tel.: 604 130 052, E-mail: faolomouc-sva@ado.cz<\/p>\n","protected":false},"author":2,"featured_media":0,"parent":0,"menu_order":0,"comment_status":"closed","ping_status":"closed","template":"","meta":{"spay_email":""},"jetpack_sharing_enabled":true,"jetpack_shortlink":"https:\/\/wp.me\/PawfXv-W","_links":{"self":[{"href":"https:\/\/fb-klub.cz\/billiard\/wp-json\/wp\/v2\/pages\/58"}],"collection":[{"href":"https:\/\/fb-klub.cz\/billiard\/wp-json\/wp\/v2\/pages"}],"about":[{"href":"https:\/\/fb-klub.cz\/billiard\/wp-json\/wp\/v2\/types\/page"}],"author":[{"embeddable":true,"href":"https:\/\/fb-klub.cz\/billiard\/wp-json\/wp\/v2\/users\/2"}],"replies":[{"embeddable":true,"href":"https:\/\/fb-klub.cz\/billiard\/wp-json\/wp\/v2\/comments?post=58"}],"version-history":[{"count":5,"href":"https:\/\/fb-klub.cz\/billiard\/wp-json\/wp\/v2\/pages\/58\/revisions"}],"predecessor-version":[{"id":138,"href":"https:\/\/fb-klub.cz\/billiard\/wp-json\/wp\/v2\/pages\/58\/revisions\/138"}],"wp:attachment":[{"href":"https:\/\/fb-klub.cz\/billiard\/wp-json\/wp\/v2\/media?parent=58"}],"curies":[{"name":"wp","href":"https:\/\/api.w.org\/{rel}","templated":true}]}}