{"id":40,"date":"2018-11-06T19:14:23","date_gmt":"2018-11-06T19:14:23","guid":{"rendered":"https:\/\/fb-klub.cz\/billiard\/?page_id=40"},"modified":"2018-12-23T19:53:12","modified_gmt":"2018-12-23T19:53:12","slug":"historie","status":"publish","type":"page","link":"https:\/\/fb-klub.cz\/billiard\/historie\/","title":{"rendered":"Historie"},"content":{"rendered":"<p><strong>15. 7. 2018<\/strong> Prvn\u00ed my\u0161lenka<\/p>\n<p><strong>16. 7. 2018 <\/strong>Pater Ladislav \u0160vir\u00e1k odsouhlasil vznik billiardov\u00e9ho\u00a0klubu<\/p>\n<p><strong>2. 8. 2018<\/strong> Zaregistrov\u00e1n\u00ed dom\u00e9ny www.fb-klub.cz, zah\u00e1jen\u00ed propagace sb\u00edrky na\u00a0zakoupen\u00ed billiardov\u00e9ho stolu s\u00a0p\u0159\u00edslu\u0161enstv\u00edm<\/p>\n<p><img decoding=\"async\" class=\" wp-image-318 aligncenter\" src=\"https:\/\/mlj1plju6qdv.i.optimole.com\/w:auto\/h:auto\/q:mauto\/f:avif\/https:\/\/i0.wp.com\/fb-klub.cz\/billiard\/wp-content\/uploads\/2018\/11\/Sbírka.jpg?resize=306%2C145&#038;ssl=1\" alt=\"\" width=\"306\" height=\"145\" data-recalc-dims=\"1\" \/><\/p>\n<p><strong>16. 9. 2018<\/strong> Prvn\u00ed setk\u00e1n\u00ed \u010dlen\u016f klubu<\/p>\n<p><img decoding=\"async\" class=\"size-medium wp-image-317 aligncenter\" src=\"https:\/\/mlj1plju6qdv.i.optimole.com\/w:auto\/h:auto\/q:mauto\/f:avif\/https:\/\/i0.wp.com\/fb-klub.cz\/billiard\/wp-content\/uploads\/2018\/11\/pozvanka-na-první-setkání.jpg?resize=213%2C300&#038;ssl=1\" alt=\"\" width=\"213\" height=\"300\" data-recalc-dims=\"1\" \/><\/p>\n<p><strong>21. 9. 2018<\/strong> Zakoupen billiardov\u00fd st\u016fl Brunswick Bristol pool 7ft s b\u0159idlicovou\u00a0deskou<\/p>\n<p><strong>26. 10. 2018<\/strong> Instalace billiardov\u00e9ho stolu spole\u010dn\u011b s pota\u017een\u00edm stolu suknem zelen\u00e9 barvy Buffalo<br \/>\nRoyal Pool<\/p>\n<p><strong>4. 11. 2018<\/strong> Zah\u00e1jen\u00ed Farn\u00edho billiardov\u00e9ho klubu<\/p>\n<p><strong>11. 11. 2018<\/strong> Po\u017eehn\u00e1n\u00ed billiardov\u00e9ho stolu<\/p>\n<p><img decoding=\"async\" class=\"size-medium wp-image-319 aligncenter\" src=\"https:\/\/mlj1plju6qdv.i.optimole.com\/w:auto\/h:auto\/q:mauto\/f:avif\/https:\/\/i0.wp.com\/fb-klub.cz\/billiard\/wp-content\/uploads\/2018\/11\/pozvanka-zahajeni-pozehnani.jpg?resize=212%2C300&#038;ssl=1\" alt=\"\" width=\"212\" height=\"300\" srcset=\"https:\/\/mlj1plju6qdv.i.optimole.com\/w:auto\/h:auto\/q:mauto\/f:avif\/https:\/\/i0.wp.com\/fb-klub.cz\/billiard\/wp-content\/uploads\/2018\/11\/pozvanka-zahajeni-pozehnani.jpg?resize=212%2C300&amp;ssl=1 212w, https:\/\/mlj1plju6qdv.i.optimole.com\/w:auto\/h:auto\/q:mauto\/f:avif\/https:\/\/i0.wp.com\/fb-klub.cz\/billiard\/wp-content\/uploads\/2018\/11\/pozvanka-zahajeni-pozehnani.jpg?w=1320&amp;ssl=1 1320w, https:\/\/mlj1plju6qdv.i.optimole.com\/w:auto\/h:auto\/q:mauto\/f:avif\/https:\/\/i0.wp.com\/fb-klub.cz\/billiard\/wp-content\/uploads\/2018\/11\/pozvanka-zahajeni-pozehnani.jpg?w=1980&amp;ssl=1 1980w\" sizes=\"(max-width: 212px) 100vw, 212px\" data-recalc-dims=\"1\" \/><\/p>\n<p><strong>16. 12. 2018\u00a0<\/strong>Prvn\u00ed t\u00e1go pro hosta s mons. Janem Graubnerem<\/p>\n","protected":false},"excerpt":{"rendered":"<p>15. 7. 2018 Prvn\u00ed my\u0161lenka 16. 7. 2018 Pater Ladislav \u0160vir\u00e1k odsouhlasil vznik billiardov\u00e9ho\u00a0klubu 2. 8. 2018 Zaregistrov\u00e1n\u00ed dom\u00e9ny www.fb-klub.cz, zah\u00e1jen\u00ed propagace sb\u00edrky na\u00a0zakoupen\u00ed billiardov\u00e9ho stolu s\u00a0p\u0159\u00edslu\u0161enstv\u00edm 16. 9. 2018 Prvn\u00ed setk\u00e1n\u00ed \u010dlen\u016f klubu 21. 9. 2018 Zakoupen billiardov\u00fd st\u016fl Brunswick Bristol pool 7ft s b\u0159idlicovou\u00a0deskou 26. 10. 2018 Instalace billiardov\u00e9ho stolu spole\u010dn\u011b s pota\u017een\u00edm &hellip; <a href=\"https:\/\/fb-klub.cz\/billiard\/historie\/\" class=\"more-link\">Pokra\u010dov\u00e1n\u00ed textu <span class=\"screen-reader-text\">Historie<\/span><\/a><\/p>\n","protected":false},"author":2,"featured_media":0,"parent":0,"menu_order":0,"comment_status":"closed","ping_status":"closed","template":"","meta":{"spay_email":""},"jetpack_sharing_enabled":true,"jetpack_shortlink":"https:\/\/wp.me\/PawfXv-E","_links":{"self":[{"href":"https:\/\/fb-klub.cz\/billiard\/wp-json\/wp\/v2\/pages\/40"}],"collection":[{"href":"https:\/\/fb-klub.cz\/billiard\/wp-json\/wp\/v2\/pages"}],"about":[{"href":"https:\/\/fb-klub.cz\/billiard\/wp-json\/wp\/v2\/types\/page"}],"author":[{"embeddable":true,"href":"https:\/\/fb-klub.cz\/billiard\/wp-json\/wp\/v2\/users\/2"}],"replies":[{"embeddable":true,"href":"https:\/\/fb-klub.cz\/billiard\/wp-json\/wp\/v2\/comments?post=40"}],"version-history":[{"count":5,"href":"https:\/\/fb-klub.cz\/billiard\/wp-json\/wp\/v2\/pages\/40\/revisions"}],"predecessor-version":[{"id":404,"href":"https:\/\/fb-klub.cz\/billiard\/wp-json\/wp\/v2\/pages\/40\/revisions\/404"}],"wp:attachment":[{"href":"https:\/\/fb-klub.cz\/billiard\/wp-json\/wp\/v2\/media?parent=40"}],"curies":[{"name":"wp","href":"https:\/\/api.w.org\/{rel}","templated":true}]}}